{"id":19,"date":"2020-05-26T12:12:16","date_gmt":"2020-05-26T10:12:16","guid":{"rendered":"https:\/\/estaesmicarta1.com\/?page_id=19"},"modified":"2025-02-02T14:45:54","modified_gmt":"2025-02-02T13:45:54","slug":"carta-neoris","status":"publish","type":"page","link":"https:\/\/estaesmicarta1.com\/index.php\/carta-neoris\/","title":{"rendered":"CARTA FIN DE SEMANA Y FESTIVOS"},"content":{"rendered":"<div class=\"wp-block-image\">\n<figure class=\"aligncenter size-large is-resized\"><img loading=\"lazy\" decoding=\"async\" width=\"919\" height=\"1024\" src=\"https:\/\/estaesmicarta1.com\/wp-content\/uploads\/2020\/05\/LOGOCARTA-919x1024.png\" alt=\"\" class=\"wp-image-15\" style=\"width:212px;height:236px\" srcset=\"https:\/\/estaesmicarta1.com\/wp-content\/uploads\/2020\/05\/LOGOCARTA-919x1024.png 919w, https:\/\/estaesmicarta1.com\/wp-content\/uploads\/2020\/05\/LOGOCARTA-269x300.png 269w, https:\/\/estaesmicarta1.com\/wp-content\/uploads\/2020\/05\/LOGOCARTA-768x856.png 768w, https:\/\/estaesmicarta1.com\/wp-content\/uploads\/2020\/05\/LOGOCARTA-1378x1536.png 1378w, https:\/\/estaesmicarta1.com\/wp-content\/uploads\/2020\/05\/LOGOCARTA-1200x1338.png 1200w, https:\/\/estaesmicarta1.com\/wp-content\/uploads\/2020\/05\/LOGOCARTA.png 1586w\" sizes=\"auto, (max-width: 706px) 89vw, (max-width: 767px) 82vw, 740px\" \/><\/figure><\/div>\n\n\n<p class=\"has-normal-font-size\"><img loading=\"lazy\" decoding=\"async\" width=\"20\" height=\"20\" class=\"wp-image-38\" style=\"width: 20px;\" src=\"https:\/\/estaesmicarta1.com\/wp-content\/uploads\/2020\/05\/logogrisPEQUE\u00d1O.jpg\" alt=\"\">  <strong>APERITIVOS<\/strong><\/p>\n\n\n\n<div class=\"wp-block-group\"><div class=\"wp-block-group__inner-container is-layout-constrained wp-block-group-is-layout-constrained\">\n<p>Anchoas del Cant\u00e1brico 000. 13,95\u20ac<\/p>\n\n\n\n<p>Foie-Micut  de pato con tostaditas 21.50\u20ac <\/p>\n\n\n\n<p>Lata de Caviar Imperial del Tibet 10 Gr. 29,95\u20ac<\/p>\n<\/div><\/div>\n\n\n\n<p>Flores de queso franc\u00e9s T\u00eate-moine (6 uds.). 11,95\u20ac<\/p>\n\n\n\n<p><img loading=\"lazy\" decoding=\"async\" width=\"20\" height=\"20\" class=\"wp-image-38\" style=\"width: 20px;\" src=\"https:\/\/estaesmicarta1.com\/wp-content\/uploads\/2020\/05\/logogrisPEQUE\u00d1O.jpg\" alt=\"\">  <strong>ENSALADAS<\/strong><\/p>\n\n\n\n<p>De pollo crujiente con vinagreta de miel y mostaza. 13,20\u20ac<\/p>\n\n\n\n<p>Ensalada de habitas babe con mi-cuit de foie y vinagreta de trufa con dulce de leche. 15,95\u20ac<\/p>\n\n\n\n<p>Perlas de mozzarella con albahaca y mezclum 11,95\u20ac<\/p>\n\n\n\n<p>De queso de cabra \u00abestilo Neoris\u00bb. 11,60\u20ac<\/p>\n\n\n\n<p>Ensalada con medallones de salm\u00f3n marinado y salsa t\u00e1rtara. 13,25\u20ac<\/p>\n\n\n\n<p>Ensalada con boquerones en vinagre y vinagreta de pi\u00f1ones. 11,50\u20ac<\/p>\n\n\n\n<p>Xat\u00f3 de Sitges. 12,95\u20ac<\/p>\n\n\n\n<p>Ensalada de langostinos tempurizados con kikos y vinagreta de miel-Modena. 14,95\u20ac<\/p>\n\n\n\n<p><img loading=\"lazy\" decoding=\"async\" width=\"20\" height=\"20\" class=\"wp-image-38\" style=\"width: 20px;\" src=\"https:\/\/estaesmicarta1.com\/wp-content\/uploads\/2020\/05\/logogrisPEQUE\u00d1O.jpg\" alt=\"\">  <strong>TAPAS<\/strong><\/p>\n\n\n\n<div class=\"wp-block-group\"><div class=\"wp-block-group__inner-container is-layout-flow wp-block-group-is-layout-flow\">\n<p>Jam\u00f3n ib\u00e9rico D.O. Extremadura cortado a mano (60 gr.). 17,95\u20ac<\/p>\n\n\n\n<p>Pan de coca de cristal tostado,con tomate. 2,95\u20ac<\/p>\n\n\n\n<p>Flores de Salm\u00f3n serie oro con salsa t\u00e1rtara germinados y tostaditas. 12,95\u20ac<br><br>Patatas bravas i all-i-oli. 7,95\u20ac<\/p>\n\n\n\n<p>Bombas de la Barceloneta (3 uds.). 9,70\u20ac<\/p>\n\n\n\n<p>Calamares a la romana con pincelada de romesco. 15,95\u20ac<\/p>\n\n\n\n<p>Caracoles a la LLauna con salsa Picante y all-oli. 12,95\u20ac<\/p>\n\n\n\n<p>Chanquetes a la andaluza con huevos fritos de corral. 12,95\u20ac<\/p>\n\n\n\n<p>Calamares a la andaluza con pincelada de romesco. 14,50\u20ac<\/p>\n\n\n\n<p>Lacon \u00aba feira\u00bb con cachelos. 11,95\u20ac<\/p>\n\n\n\n<p><img loading=\"lazy\" decoding=\"async\" width=\"20\" height=\"20\" class=\"wp-image-38\" style=\"width: 20px;\" src=\"https:\/\/estaesmicarta1.com\/wp-content\/uploads\/2020\/05\/logogrisPEQUE\u00d1O.jpg\" alt=\"\">  <strong>AUTOR \/ TEMPORADA<\/strong><br>Chips de berenjena con miel y parmesano. 12,95\u20ac<\/p>\n\n\n\n<p>Parrillada de verduras a la brasa con \u00abromesco\u00bb. 11,95\u20ac<\/p>\n\n\n\n<p>Esp\u00e1rragos trigueros brasa con \u00abromesco\u00bb y sal maldon. 9,95\u20ac<\/p>\n\n\n\n<p>Alcachofas del \u00abPrat\u00bb a la brasa con Romesco. 11,95\u20ac<\/p>\n\n\n\n<p>Rissotto de  c\u00eaps con parmesano. 14,95\u20ac<\/p>\n\n\n\n<p>Timbal de morcilla, patata, huevo frito y foie . 12,95\u20ac<\/p>\n\n\n\n<p>Arr\u00f3z negro de sepia y calamar con all-i-oli.  15,95\u20ac<\/p>\n\n\n\n<p>Pulpo a nuestra manera. 21,95\u20ac<\/p>\n\n\n\n<p>Rabas de pollo con emulsi\u00f3n de miel y mostaza. 11,20\u20ac<\/p>\n\n\n\n<p><img loading=\"lazy\" decoding=\"async\" width=\"20\" height=\"20\" class=\"wp-image-38\" style=\"width: 20px;\" src=\"https:\/\/estaesmicarta1.com\/wp-content\/uploads\/2020\/05\/logogrisPEQUE\u00d1O.jpg\" alt=\"\"> <strong> JAPON\u00c9S<\/strong> <\/p>\n\n\n\n<p>Maki sushi de at\u00fan con mango y aguacate. 9,20\u20ac<\/p>\n\n\n\n<p>Maki sushi de at\u00fan en tempura con mango y aguacate. 10,50\u20ac<\/p>\n\n\n\n<p>Tempura de langostinos con mahonesa de \u00abwasabi\u00bb (6 ud). 12,95\u20ac<\/p>\n\n\n\n<p>Wok de pasta con verduras,pollo,ternera,gambas y salsa de soja. 12,95\u20ac<\/p>\n\n\n\n<p>Tataki de at\u00fan \u00abNeoris\u00bb. 17,50\u20ac<\/p>\n\n\n\n<p><img loading=\"lazy\" decoding=\"async\" width=\"20\" height=\"20\" class=\"wp-image-38\" style=\"width: 20px;\" src=\"https:\/\/estaesmicarta1.com\/wp-content\/uploads\/2020\/05\/logogrisPEQUE\u00d1O.jpg\" alt=\"\"> <strong> PESCADOS Y CARNES<\/strong><\/p>\n\n\n\n<p>Bacalao con muselina, patata y cebolla confitada. 18,95\u20ac<\/p>\n\n\n\n<p>Suprema de at\u00fan a la plancha con salsa de soja. 18,20\u20ac<\/p>\n\n\n\n<p>Steak tartare de vaca vieja a nuestra manera (120 gr.). 21,95\u20ac<\/p>\n\n\n\n<p>Medallones de magret de pato con frutos rojos,pur\u00e9 de patata y lechugas. 17,50\u20ac<\/p>\n\n\n\n<p>Confit de pato con foie,manzana,pur\u00e9 de patata y frutos rojos. 17,95\u20ac<\/p>\n\n\n\n<p>Entrecotte de vaca vieja a la brasa (400 gr.). 18,95\u20ac<\/p>\n\n\n\n<p>Entrecotte Premiun de Gallego a la brasa (400\/450 gr). 20,50\u20ac<\/p>\n\n\n\n<p>Lubina en tempura con salsa Mirin 19,95\u20ac<\/p>\n\n\n\n<p class=\"has-text-align-center has-luminous-vivid-amber-color has-text-color\"><img loading=\"lazy\" decoding=\"async\" width=\"20\" height=\"20\" class=\"wp-image-4\" style=\"width: 20px;\" src=\"https:\/\/estaesmicarta1.com\/wp-content\/uploads\/2020\/05\/12295336_1073261902718455_3454208438115215644_n.jpg\" alt=\"\" srcset=\"https:\/\/estaesmicarta1.com\/wp-content\/uploads\/2020\/05\/12295336_1073261902718455_3454208438115215644_n.jpg 631w, https:\/\/estaesmicarta1.com\/wp-content\/uploads\/2020\/05\/12295336_1073261902718455_3454208438115215644_n-296x300.jpg 296w, https:\/\/estaesmicarta1.com\/wp-content\/uploads\/2020\/05\/12295336_1073261902718455_3454208438115215644_n-150x150.jpg 150w\" sizes=\"auto, (max-width: 20px) 100vw, 20px\" \/>  <strong>SUGERENCIAS<\/strong> <strong>DEL CHEF<\/strong>  <img loading=\"lazy\" decoding=\"async\" width=\"20\" height=\"20\" class=\"wp-image-4\" style=\"width: 20px;\" src=\"https:\/\/estaesmicarta1.com\/wp-content\/uploads\/2020\/05\/12295336_1073261902718455_3454208438115215644_n.jpg\" alt=\"\" srcset=\"https:\/\/estaesmicarta1.com\/wp-content\/uploads\/2020\/05\/12295336_1073261902718455_3454208438115215644_n.jpg 631w, https:\/\/estaesmicarta1.com\/wp-content\/uploads\/2020\/05\/12295336_1073261902718455_3454208438115215644_n-296x300.jpg 296w, https:\/\/estaesmicarta1.com\/wp-content\/uploads\/2020\/05\/12295336_1073261902718455_3454208438115215644_n-150x150.jpg 150w\" sizes=\"auto, (max-width: 20px) 100vw, 20px\" \/><\/p>\n\n\n\n<p>Queso de leche cruda de oveja con trufa negra. 12,95\u20ac<\/p>\n\n\n\n<p>Ostras Guillardeau n. 2. 4,75\u20ac ud.<\/p>\n\n\n\n<p>Croqueta de jam\u00f3n ib\u00e9rico de bellota, de pollo, de c\u00eaps, de chipirones o de rape y gambas. 2,35\u20ac ud.<\/p>\n<\/div><\/div>\n\n\n\n<p>Cigalitas de Vilanova salteadas con ajo y perejil y guindilla.  12,95\u20ac<\/p>\n\n\n\n<p>Coquinas flambeadas con ajo y perejil. 12,50\u20ac<\/p>\n\n\n\n<p>Suprema de lubina a la plancha con verduras al vapor y pincelada de romesco. 18,95\u20ac<\/p>\n\n\n\n<p>1\/2 careta de ib\u00e9rico 5J a la brasa. 15,95\u20ac<\/p>\n\n\n\n<p>Costillas y medianas de cordero a la brasa con all-i-oli. 16,95\u20ac<\/p>\n\n\n\n<p>Secreto ib\u00e9rico de bellota 5J a la brasa con verduras. 21,95\u20ac<\/p>\n\n\n\n<p>Solomillo de vaca vieja a la brasa con salsa roquefort. 27,20\u20ac<\/p>\n\n\n\n<p>Solomillo de vaca vieja a la brasa con foie y reducci\u00f3n de Oporto. 29,40\u20ac<\/p>\n\n\n\n<p>Chulet\u00f3n del norte (500g)Maduraci\u00f3n 40 dias a la brasa con verduras. 27,95\u20ac<\/p>\n\n\n\n<p><img loading=\"lazy\" decoding=\"async\" width=\"20\" height=\"20\" class=\"wp-image-38\" style=\"width: 20px;\" src=\"https:\/\/estaesmicarta1.com\/wp-content\/uploads\/2020\/05\/logogrisPEQUE\u00d1O.jpg\" alt=\"\">  <strong>POSTRES  <\/strong><\/p>\n\n\n\n<p>Tiramis\u00fa casero. 6,20\u20ac<\/p>\n\n\n\n<p>Crema catalana. 5,95\u20ac<\/p>\n\n\n\n<p>Coulant de chocolate con helado de vainilla. 7,20\u20ac<\/p>\n\n\n\n<p>Cheescake con cremoso de frutos rojos. 6,40\u20acCr\u00eappe casero al gusto. 6,95\u20ac<\/p>\n\n\n\n<p>Helados (1 bola a escoger): vainilla,chocolate,pistacho,caramelo o casta\u00f1a. 3,25\u20ac<\/p>\n\n\n\n<p>Sorbetes (1 bola a escoger): lim\u00f3n,mango y frambuesa. 3,25\u20ac<\/p>\n\n\n\n<p>Ferrero Rocher de pistacho con crema chantilly  6,95\u20ac<\/p>\n\n\n\n<p>Mousse de mango y fresa con pi\u00f1a y nata. 6,20\u20ac<\/p>\n\n\n\n<p>Trufas de Bailey\u00b4s y chocolate con polvo de crumble 6,95\u20ac<\/p>\n\n\n\n<p>Trufas de chocolate al mar de cava con polvo de galleta de miel. 6,95\u20ac<\/p>\n\n\n\n<p>Crujiente de nutella con helado de vainilla. 6,95\u20ac<\/p>\n\n\n\n<p>Carrotcake individual con helado al gusto 6,95\u20ac<\/p>\n\n\n\n<p>Cr\u00eappe casero de vainilla al gusto. 6,95\u20ac<\/p>\n\n\n\n<div class=\"wp-block-group\"><div class=\"wp-block-group__inner-container is-layout-flow wp-block-group-is-layout-flow\">\n<p class=\"has-text-color\" style=\"color:#ffffff\">aaaa<\/p>\n\n\n\n<p class=\"has-text-color\" style=\"color:#ffffff\">111ooooo<\/p>\n\n\n\n<p class=\"has-text-color\" style=\"color:#ffffff\">111ooooo<\/p>\n\n\n\n<p class=\"has-text-color\" style=\"color:#ffffff\">111ooooo<\/p>\n\n\n\n<p class=\"has-text-color\" style=\"color:#ffffff\">111ooooo<\/p>\n<\/div><\/div>\n\n\n\n<p class=\"has-text-color\" style=\"color:#ffffff\">000<\/p>\n","protected":false},"excerpt":{"rendered":"<p>APERITIVOS Anchoas del Cant\u00e1brico 000. 13,95\u20ac Foie-Micut de pato con tostaditas 21.50\u20ac Lata de Caviar Imperial del Tibet 10 Gr. 29,95\u20ac Flores de queso franc\u00e9s T\u00eate-moine (6 uds.). 11,95\u20ac ENSALADAS De pollo crujiente con vinagreta de miel y mostaza. 13,20\u20ac Ensalada de habitas babe con mi-cuit de foie y vinagreta de trufa con dulce de &hellip; <\/p>\n<p class=\"link-more\"><a href=\"https:\/\/estaesmicarta1.com\/index.php\/carta-neoris\/\" class=\"more-link\">Continuar leyendo<span class=\"screen-reader-text\"> \u00abCARTA FIN DE SEMANA Y FESTIVOS\u00bb<\/span><\/a><\/p>\n","protected":false},"author":1,"featured_media":0,"parent":0,"menu_order":0,"comment_status":"closed","ping_status":"closed","template":"","meta":{"footnotes":""},"class_list":["post-19","page","type-page","status-publish","hentry"],"yoast_head":"<!-- This site is optimized with the Yoast SEO plugin v26.8 - https:\/\/yoast.com\/product\/yoast-seo-wordpress\/ -->\n<title>CARTA FIN DE SEMANA Y FESTIVOS -<\/title>\n<meta name=\"robots\" content=\"index, follow, max-snippet:-1, max-image-preview:large, max-video-preview:-1\" \/>\n<link rel=\"canonical\" href=\"https:\/\/estaesmicarta1.com\/index.php\/carta-neoris\/\" \/>\n<meta property=\"og:locale\" content=\"es_ES\" \/>\n<meta property=\"og:type\" content=\"article\" \/>\n<meta property=\"og:title\" content=\"CARTA FIN DE SEMANA Y FESTIVOS -\" \/>\n<meta property=\"og:description\" content=\"APERITIVOS Anchoas del Cant\u00e1brico 000. 13,95\u20ac Foie-Micut de pato con tostaditas 21.50\u20ac Lata de Caviar Imperial del Tibet 10 Gr. 29,95\u20ac Flores de queso franc\u00e9s T\u00eate-moine (6 uds.). 11,95\u20ac ENSALADAS De pollo crujiente con vinagreta de miel y mostaza. 13,20\u20ac Ensalada de habitas babe con mi-cuit de foie y vinagreta de trufa con dulce de &hellip; Continuar leyendo &quot;CARTA FIN DE SEMANA Y FESTIVOS&quot;\" \/>\n<meta property=\"og:url\" content=\"https:\/\/estaesmicarta1.com\/index.php\/carta-neoris\/\" \/>\n<meta property=\"article:publisher\" content=\"https:\/\/www.facebook.com\/neorisrestaurant\" \/>\n<meta property=\"article:modified_time\" content=\"2025-02-02T13:45:54+00:00\" \/>\n<meta property=\"og:image\" content=\"https:\/\/estaesmicarta1.com\/wp-content\/uploads\/2020\/05\/LOGOCARTA.png\" \/>\n\t<meta property=\"og:image:width\" content=\"1586\" \/>\n\t<meta property=\"og:image:height\" content=\"1768\" \/>\n\t<meta property=\"og:image:type\" content=\"image\/png\" \/>\n<meta name=\"twitter:card\" content=\"summary_large_image\" \/>\n<meta name=\"twitter:label1\" content=\"Tiempo de lectura\" \/>\n\t<meta name=\"twitter:data1\" content=\"3 minutos\" \/>\n<script type=\"application\/ld+json\" class=\"yoast-schema-graph\">{\"@context\":\"https:\/\/schema.org\",\"@graph\":[{\"@type\":\"WebPage\",\"@id\":\"https:\/\/estaesmicarta1.com\/index.php\/carta-neoris\/\",\"url\":\"https:\/\/estaesmicarta1.com\/index.php\/carta-neoris\/\",\"name\":\"CARTA FIN DE SEMANA Y FESTIVOS -\",\"isPartOf\":{\"@id\":\"https:\/\/estaesmicarta1.com\/#website\"},\"primaryImageOfPage\":{\"@id\":\"https:\/\/estaesmicarta1.com\/index.php\/carta-neoris\/#primaryimage\"},\"image\":{\"@id\":\"https:\/\/estaesmicarta1.com\/index.php\/carta-neoris\/#primaryimage\"},\"thumbnailUrl\":\"https:\/\/estaesmicarta1.com\/wp-content\/uploads\/2020\/05\/LOGOCARTA-919x1024.png\",\"datePublished\":\"2020-05-26T10:12:16+00:00\",\"dateModified\":\"2025-02-02T13:45:54+00:00\",\"breadcrumb\":{\"@id\":\"https:\/\/estaesmicarta1.com\/index.php\/carta-neoris\/#breadcrumb\"},\"inLanguage\":\"es\",\"potentialAction\":[{\"@type\":\"ReadAction\",\"target\":[\"https:\/\/estaesmicarta1.com\/index.php\/carta-neoris\/\"]}]},{\"@type\":\"ImageObject\",\"inLanguage\":\"es\",\"@id\":\"https:\/\/estaesmicarta1.com\/index.php\/carta-neoris\/#primaryimage\",\"url\":\"https:\/\/estaesmicarta1.com\/wp-content\/uploads\/2020\/05\/LOGOCARTA.png\",\"contentUrl\":\"https:\/\/estaesmicarta1.com\/wp-content\/uploads\/2020\/05\/LOGOCARTA.png\",\"width\":1586,\"height\":1768},{\"@type\":\"BreadcrumbList\",\"@id\":\"https:\/\/estaesmicarta1.com\/index.php\/carta-neoris\/#breadcrumb\",\"itemListElement\":[{\"@type\":\"ListItem\",\"position\":1,\"name\":\"Portada\",\"item\":\"https:\/\/estaesmicarta1.com\/\"},{\"@type\":\"ListItem\",\"position\":2,\"name\":\"CARTA FIN DE SEMANA Y FESTIVOS\"}]},{\"@type\":\"WebSite\",\"@id\":\"https:\/\/estaesmicarta1.com\/#website\",\"url\":\"https:\/\/estaesmicarta1.com\/\",\"name\":\"estaesmicarta1.com\",\"description\":\"Neoris\",\"publisher\":{\"@id\":\"https:\/\/estaesmicarta1.com\/#organization\"},\"potentialAction\":[{\"@type\":\"SearchAction\",\"target\":{\"@type\":\"EntryPoint\",\"urlTemplate\":\"https:\/\/estaesmicarta1.com\/?s={search_term_string}\"},\"query-input\":{\"@type\":\"PropertyValueSpecification\",\"valueRequired\":true,\"valueName\":\"search_term_string\"}}],\"inLanguage\":\"es\"},{\"@type\":\"Organization\",\"@id\":\"https:\/\/estaesmicarta1.com\/#organization\",\"name\":\"Restaurante Neoris\",\"url\":\"https:\/\/estaesmicarta1.com\/\",\"logo\":{\"@type\":\"ImageObject\",\"inLanguage\":\"es\",\"@id\":\"https:\/\/estaesmicarta1.com\/#\/schema\/logo\/image\/\",\"url\":\"https:\/\/estaesmicarta1.com\/wp-content\/uploads\/2020\/05\/12295336_1073261902718455_3454208438115215644_n.jpg\",\"contentUrl\":\"https:\/\/estaesmicarta1.com\/wp-content\/uploads\/2020\/05\/12295336_1073261902718455_3454208438115215644_n.jpg\",\"width\":631,\"height\":640,\"caption\":\"Restaurante Neoris\"},\"image\":{\"@id\":\"https:\/\/estaesmicarta1.com\/#\/schema\/logo\/image\/\"},\"sameAs\":[\"https:\/\/www.facebook.com\/neorisrestaurant\",\"https:\/\/www.instagram.com\/neoris.restaurant\/\"]}]}<\/script>\n<!-- \/ Yoast SEO plugin. -->","yoast_head_json":{"title":"CARTA FIN DE SEMANA Y FESTIVOS -","robots":{"index":"index","follow":"follow","max-snippet":"max-snippet:-1","max-image-preview":"max-image-preview:large","max-video-preview":"max-video-preview:-1"},"canonical":"https:\/\/estaesmicarta1.com\/index.php\/carta-neoris\/","og_locale":"es_ES","og_type":"article","og_title":"CARTA FIN DE SEMANA Y FESTIVOS -","og_description":"APERITIVOS Anchoas del Cant\u00e1brico 000. 13,95\u20ac Foie-Micut de pato con tostaditas 21.50\u20ac Lata de Caviar Imperial del Tibet 10 Gr. 29,95\u20ac Flores de queso franc\u00e9s T\u00eate-moine (6 uds.). 11,95\u20ac ENSALADAS De pollo crujiente con vinagreta de miel y mostaza. 13,20\u20ac Ensalada de habitas babe con mi-cuit de foie y vinagreta de trufa con dulce de &hellip; Continuar leyendo \"CARTA FIN DE SEMANA Y FESTIVOS\"","og_url":"https:\/\/estaesmicarta1.com\/index.php\/carta-neoris\/","article_publisher":"https:\/\/www.facebook.com\/neorisrestaurant","article_modified_time":"2025-02-02T13:45:54+00:00","og_image":[{"width":1586,"height":1768,"url":"https:\/\/estaesmicarta1.com\/wp-content\/uploads\/2020\/05\/LOGOCARTA.png","type":"image\/png"}],"twitter_card":"summary_large_image","twitter_misc":{"Tiempo de lectura":"3 minutos"},"schema":{"@context":"https:\/\/schema.org","@graph":[{"@type":"WebPage","@id":"https:\/\/estaesmicarta1.com\/index.php\/carta-neoris\/","url":"https:\/\/estaesmicarta1.com\/index.php\/carta-neoris\/","name":"CARTA FIN DE SEMANA Y FESTIVOS -","isPartOf":{"@id":"https:\/\/estaesmicarta1.com\/#website"},"primaryImageOfPage":{"@id":"https:\/\/estaesmicarta1.com\/index.php\/carta-neoris\/#primaryimage"},"image":{"@id":"https:\/\/estaesmicarta1.com\/index.php\/carta-neoris\/#primaryimage"},"thumbnailUrl":"https:\/\/estaesmicarta1.com\/wp-content\/uploads\/2020\/05\/LOGOCARTA-919x1024.png","datePublished":"2020-05-26T10:12:16+00:00","dateModified":"2025-02-02T13:45:54+00:00","breadcrumb":{"@id":"https:\/\/estaesmicarta1.com\/index.php\/carta-neoris\/#breadcrumb"},"inLanguage":"es","potentialAction":[{"@type":"ReadAction","target":["https:\/\/estaesmicarta1.com\/index.php\/carta-neoris\/"]}]},{"@type":"ImageObject","inLanguage":"es","@id":"https:\/\/estaesmicarta1.com\/index.php\/carta-neoris\/#primaryimage","url":"https:\/\/estaesmicarta1.com\/wp-content\/uploads\/2020\/05\/LOGOCARTA.png","contentUrl":"https:\/\/estaesmicarta1.com\/wp-content\/uploads\/2020\/05\/LOGOCARTA.png","width":1586,"height":1768},{"@type":"BreadcrumbList","@id":"https:\/\/estaesmicarta1.com\/index.php\/carta-neoris\/#breadcrumb","itemListElement":[{"@type":"ListItem","position":1,"name":"Portada","item":"https:\/\/estaesmicarta1.com\/"},{"@type":"ListItem","position":2,"name":"CARTA FIN DE SEMANA Y FESTIVOS"}]},{"@type":"WebSite","@id":"https:\/\/estaesmicarta1.com\/#website","url":"https:\/\/estaesmicarta1.com\/","name":"estaesmicarta1.com","description":"Neoris","publisher":{"@id":"https:\/\/estaesmicarta1.com\/#organization"},"potentialAction":[{"@type":"SearchAction","target":{"@type":"EntryPoint","urlTemplate":"https:\/\/estaesmicarta1.com\/?s={search_term_string}"},"query-input":{"@type":"PropertyValueSpecification","valueRequired":true,"valueName":"search_term_string"}}],"inLanguage":"es"},{"@type":"Organization","@id":"https:\/\/estaesmicarta1.com\/#organization","name":"Restaurante Neoris","url":"https:\/\/estaesmicarta1.com\/","logo":{"@type":"ImageObject","inLanguage":"es","@id":"https:\/\/estaesmicarta1.com\/#\/schema\/logo\/image\/","url":"https:\/\/estaesmicarta1.com\/wp-content\/uploads\/2020\/05\/12295336_1073261902718455_3454208438115215644_n.jpg","contentUrl":"https:\/\/estaesmicarta1.com\/wp-content\/uploads\/2020\/05\/12295336_1073261902718455_3454208438115215644_n.jpg","width":631,"height":640,"caption":"Restaurante Neoris"},"image":{"@id":"https:\/\/estaesmicarta1.com\/#\/schema\/logo\/image\/"},"sameAs":["https:\/\/www.facebook.com\/neorisrestaurant","https:\/\/www.instagram.com\/neoris.restaurant\/"]}]}},"_links":{"self":[{"href":"https:\/\/estaesmicarta1.com\/index.php\/wp-json\/wp\/v2\/pages\/19","targetHints":{"allow":["GET"]}}],"collection":[{"href":"https:\/\/estaesmicarta1.com\/index.php\/wp-json\/wp\/v2\/pages"}],"about":[{"href":"https:\/\/estaesmicarta1.com\/index.php\/wp-json\/wp\/v2\/types\/page"}],"author":[{"embeddable":true,"href":"https:\/\/estaesmicarta1.com\/index.php\/wp-json\/wp\/v2\/users\/1"}],"replies":[{"embeddable":true,"href":"https:\/\/estaesmicarta1.com\/index.php\/wp-json\/wp\/v2\/comments?post=19"}],"version-history":[{"count":477,"href":"https:\/\/estaesmicarta1.com\/index.php\/wp-json\/wp\/v2\/pages\/19\/revisions"}],"predecessor-version":[{"id":4320,"href":"https:\/\/estaesmicarta1.com\/index.php\/wp-json\/wp\/v2\/pages\/19\/revisions\/4320"}],"wp:attachment":[{"href":"https:\/\/estaesmicarta1.com\/index.php\/wp-json\/wp\/v2\/media?parent=19"}],"curies":[{"name":"wp","href":"https:\/\/api.w.org\/{rel}","templated":true}]}}