{"id":44,"date":"2020-05-26T16:51:29","date_gmt":"2020-05-26T14:51:29","guid":{"rendered":"https:\/\/estaesmicarta1.com\/?page_id=44"},"modified":"2026-01-02T12:52:49","modified_gmt":"2026-01-02T11:52:49","slug":"menu-para-grupos","status":"publish","type":"page","link":"https:\/\/estaesmicarta1.com\/index.php\/menu-para-grupos\/","title":{"rendered":"MEN\u00da DE GRUPOS"},"content":{"rendered":"<div class=\"wp-block-image\">\n<figure class=\"aligncenter size-large is-resized\"><img loading=\"lazy\" decoding=\"async\" width=\"919\" height=\"1024\" src=\"https:\/\/estaesmicarta1.com\/wp-content\/uploads\/2020\/05\/CARTAGRUPOS-919x1024.png\" alt=\"\" class=\"wp-image-48\" style=\"width:362px;height:403px\" srcset=\"https:\/\/estaesmicarta1.com\/wp-content\/uploads\/2020\/05\/CARTAGRUPOS-919x1024.png 919w, https:\/\/estaesmicarta1.com\/wp-content\/uploads\/2020\/05\/CARTAGRUPOS-269x300.png 269w, https:\/\/estaesmicarta1.com\/wp-content\/uploads\/2020\/05\/CARTAGRUPOS-768x855.png 768w, https:\/\/estaesmicarta1.com\/wp-content\/uploads\/2020\/05\/CARTAGRUPOS.png 1309w\" sizes=\"auto, (max-width: 706px) 89vw, (max-width: 767px) 82vw, 740px\" \/><\/figure><\/div>\n\n\n<div class=\"wp-block-group\"><div class=\"wp-block-group__inner-container is-layout-flow wp-block-group-is-layout-flow\"><\/div><\/div>\n\n\n\n<p class=\"has-text-align-center has-vivid-red-color has-text-color\">MEN\u00da GRUPOS EXCLUSIVO CON RESERVA PREVIA NO DISPONIBLE EN EL MES DE DICIEMBRE<\/p>\n\n\n\n<p class=\"has-text-align-center has-vivid-red-color has-text-color\"> LOS SEGUNDOS Y LOS POSTRES SE TIENEN QUE INDICAR TRES D\u00cdAS ANTES<\/p>\n\n\n\n<p><strong>M<img loading=\"lazy\" decoding=\"async\" width=\"18\" height=\"16\" class=\"wp-image-45\" style=\"width: 18px;\" src=\"https:\/\/estaesmicarta1.com\/wp-content\/uploads\/2020\/05\/BOTON-MENU.png\" alt=\"\">N\u00da    PICA-PICA 1<\/strong> <\/p>\n\n\n\n<div class=\"wp-block-group\"><div class=\"wp-block-group__inner-container is-layout-flow wp-block-group-is-layout-flow\">\n<p>Jam\u00f3n Iberico (D.O.Salamanca)cortado a mano.                                                                                                             <\/p>\n\n\n\n<p>Pan de cristal tostado con tomate. <\/p>\n\n\n\n<p> Ensalada de queso de cabra con pi\u00f1ones.<\/p>\n\n\n\n<p> Timbal de morcilla con huevo frito. <\/p>\n\n\n\n<p> Lac\u00f3n gallego \u00aba feira\u00bb.<\/p>\n\n\n\n<p> Croquetas caseras de jam\u00f3n ib\u00e9rico.<\/p>\n<\/div><\/div>\n\n\n\n<p class=\"has-luminous-vivid-amber-color has-text-color\"><strong>2NDO. A ESCOGER:<\/strong><\/p>\n\n\n\n<div class=\"wp-block-group\"><div class=\"wp-block-group__inner-container is-layout-flow wp-block-group-is-layout-flow\">\n<p>Bacalao a la muselina de ajos, patata panadera y cebolla confitada.<\/p>\n\n\n\n<p>At\u00fan con salsa de soja y verduritas salteadas. <\/p>\n\n\n\n<p>Tira de asado argentino con salsa chimi-churri. <\/p>\n\n\n\n<p>Butifarra de pag\u00e9s a la brasa con patata caliu. <\/p>\n\n\n\n<p>Churrasco a la brasa con verdura.                                                       <\/p>\n<\/div><\/div>\n\n\n\n<p class=\"has-luminous-vivid-amber-color has-text-color\"><strong>POSTRES A ESCOGER<\/strong>:<\/p>\n\n\n\n<div class=\"wp-block-group\"><div class=\"wp-block-group__inner-container is-layout-flow wp-block-group-is-layout-flow\">\n<p>Tiramis\u00fa estilo Neoris.                                                                                                                                                                      <\/p>\n\n\n\n<p>Crema Catalana. <\/p>\n\n\n\n<p>Helado de vainilla con chocolate caliente y crujiente de galleta.<\/p>\n<\/div><\/div>\n\n\n\n<p class=\"has-luminous-vivid-amber-color has-text-color\"><strong>BODEGA:<\/strong><\/p>\n\n\n\n<p>Vi\u00f1as del Vero D.O. Somontano (blanco, tinto,rosado).                                                                                                                                                                 1 botella x cada 3 personas.                                                                                                                                                                           <\/p>\n\n\n\n<p>Aguas minerales naturales,refrescos y\/o cervezas.<\/p>\n\n\n\n<p>Caf\u00e9s e infusiones.<\/p>\n\n\n\n<p class=\"has-luminous-vivid-amber-color has-text-color\">Precio: 35\u20ac por persona (IVA incluido).<\/p>\n\n\n\n<p><strong>M<img loading=\"lazy\" decoding=\"async\" width=\"18\" height=\"16\" class=\"wp-image-45\" style=\"width: 18px;\" src=\"https:\/\/estaesmicarta1.com\/wp-content\/uploads\/2020\/05\/BOTON-MENU.png\" alt=\"\">N\u00da   PICA-PICA 2<\/strong><\/p>\n\n\n\n<p>Jam\u00f3n ib\u00e9rico (D.O.Salamanca) cortado a mano.                                                                                                            <\/p>\n\n\n\n<p>Pan de cristal tostado con tomate. <\/p>\n\n\n\n<p>Queso idiaz\u00e1bal con membrillo. <\/p>\n\n\n\n<p>Ensalada de tomates del huerto con mozarella de Buffala y tapenade de olivas negras con albahaca. <\/p>\n\n\n\n<p>Calamares a la andaluza.<\/p>\n\n\n\n<p>Croquetas caseras de jam\u00f3n ib\u00e9rico.<\/p>\n\n\n\n<p>Langostinos en tempura con mahonesa de soja.<\/p>\n\n\n\n<p class=\"has-luminous-vivid-amber-color has-text-color\"><strong>2NDO. A ESCOGER<\/strong>:     <\/p>\n\n\n\n<p>Supremas de lubina con verduras a la brasa.                                                                                                                         <\/p>\n\n\n\n<p>Tataki de at\u00fan con bouquet de ensaladas. <\/p>\n\n\n\n<p>Entrec\u00f4tte de buey (400grs.) a la brasa de carb\u00f3n vegetal.<\/p>\n\n\n\n<p>Tira de asado argentino con salsa chimi-churry. <\/p>\n\n\n\n<p>Cordero a la brasa con all-i-oli.<\/p>\n\n\n\n<p><strong><span style=\"color:#fcb900\" class=\"tadv-color\">POSTRES A ESCOGER:<\/span><\/strong><\/p>\n\n\n<p>Tiramis\u00fa estilo Neoris.<\/p>\n<p>Crema Catalana.<\/p>\n<p>Mousse de mango y pi\u00f1a con fresas y nata.<\/p>\n\n\n<p><strong><span style=\"color:#fcb900\" class=\"tadv-color\">BODEGA:<\/span><\/strong><\/p>\n\n\n\n<p>Vi\u00f1as del Vero D.O. Somontano (blanco, tinto,rosado). 1 botella x cada 3 personas.<\/p>\n\n\n\n<p>Aguas minerales naturales,refrescos y\/o cervezas.<\/p>\n\n\n\n<p>Caf\u00e9s e infusiones.<\/p>\n\n\n\n<p class=\"has-luminous-vivid-amber-color has-text-color\">Precio: 39\u20ac por persona (IVA incluido).<\/p>\n\n\n\n<p><strong>M<\/strong><img loading=\"lazy\" decoding=\"async\" width=\"18\" height=\"16\" class=\"wp-image-45\" style=\"width: 18px;\" src=\"https:\/\/estaesmicarta1.com\/wp-content\/uploads\/2020\/05\/BOTON-MENU.png\" alt=\"\"><strong>N\u00da PICA-PICA 3<\/strong><\/p>\n\n\n\n<div class=\"wp-block-group\"><div class=\"wp-block-group__inner-container is-layout-flow wp-block-group-is-layout-flow\">\n<p>Jam\u00f3n ib\u00e9rico (D.O.Salamanca) cortado a mano.                                                                                                        <\/p>\n\n\n\n<p>Pan de cristal tostado con tomate. <\/p>\n\n\n\n<p>Ensalada de salm\u00f3n con salsa t\u00e1rtara y vinagreta de lim\u00f3n. <\/p>\n\n\n\n<p>Pulpo gallego a la brasa con parmentier de patata y piment\u00f3n de la Vera. <\/p>\n\n\n\n<p>Calamares a la andaluza con pincelada de romesco. <\/p>\n\n\n\n<p>Maki sushi de at\u00fan y frutas tropicales en tempura, con mahonesa de soja y wasabi. <\/p>\n\n\n\n<p>Canel\u00f3n gigante de pollo y foie gratinado con bechamel de escalivada.                                          <\/p>\n\n\n\n<p class=\"has-luminous-vivid-amber-color has-text-color\"><strong>2NDO. A ESCOGER:<\/strong><\/p>\n\n\n\n<div class=\"wp-block-group\"><div class=\"wp-block-group__inner-container is-layout-flow wp-block-group-is-layout-flow\">\n<p>Langostinos a la plancha talla XL con ajo y perejil.                                                                                                                <\/p>\n\n\n\n<p>Bacalao a la muselina de ajos, patata panadera y cebolla confitada. <\/p>\n\n\n\n<p>Tataki de at\u00fan con bouquet de ensaladas. <\/p>\n\n\n\n<p>Entrec\u00f4tte de buey (400grs.) a la brasa de carb\u00f3n vegetal. <\/p>\n\n\n\n<p>Tira de asado argentino con salsa chimi-churry.<\/p>\n\n\n\n<p>Medallones de magret de pato con salsa de frutos rojos y parmentier de patata.<\/p>\n<\/div><\/div>\n\n\n\n<p class=\"has-luminous-vivid-amber-color has-text-color\"><strong>POSTRES A ESCOGER:<\/strong><\/p>\n\n\n\n<p>Tiramis\u00fa estilo Neoris.                                                                                                                                                                     <\/p>\n\n\n\n<p>Coulant de chocolate con helado de vainilla Bourbon. <\/p>\n\n\n\n<p>Nuestro cheescake casero.<\/p>\n\n\n\n<p class=\"has-luminous-vivid-amber-color has-text-color\"><strong>BODEGA:<\/strong><\/p>\n\n\n\n<p>N\u00e0iada D.O. Pened\u00e9s (blanco, tinto, rosado)                                                                                                                                                   1 Botella x cada 3 personas.                                                                                                                                                     <\/p>\n\n\n\n<p>Aguas minerales naturales,refrescos y\/o cervezas. uno por persona<\/p>\n\n\n\n<p>Caf\u00e9s e infusiones.<\/p>\n\n\n\n<p>Copa de cava Brut Nature por persona.  <\/p>\n\n\n\n<p class=\"has-luminous-vivid-amber-color has-text-color\">Precio: 47\u20ac por persona (IVA incluido).<\/p>\n<\/div><\/div>\n\n\n\n<p><strong>M<\/strong><img loading=\"lazy\" decoding=\"async\" width=\"18\" height=\"16\" class=\"wp-image-45\" style=\"width: 18px;\" src=\"https:\/\/estaesmicarta1.com\/wp-content\/uploads\/2020\/05\/BOTON-MENU.png\" alt=\"\"><strong>N\u00da   INFANTIL DE GRUPOS<\/strong><\/p>\n\n\n\n<p>Macarrones a la bolo\u00f1esa o canelones caseros gratinados.                                                                                          <\/p>\n\n\n\n<p>Butifarra con patatas o escalopa con patatas.<\/p>\n\n\n\n<p>Helado. <\/p>\n\n\n\n<p>Agua o refresco.                   <\/p>\n\n\n\n<p class=\"has-luminous-vivid-amber-color has-text-color\">Precio: 15,95\u20ac por ni\u00f1@<\/p>\n\n\n\n<p class=\"has-text-align-center\"><img loading=\"lazy\" decoding=\"async\" width=\"300\" height=\"175\" class=\"wp-image-56\" style=\"width: 300px;\" src=\"https:\/\/estaesmicarta1.com\/wp-content\/uploads\/2020\/05\/fincartagrupos.png\" alt=\"\" srcset=\"https:\/\/estaesmicarta1.com\/wp-content\/uploads\/2020\/05\/fincartagrupos.png 931w, https:\/\/estaesmicarta1.com\/wp-content\/uploads\/2020\/05\/fincartagrupos-300x175.png 300w, https:\/\/estaesmicarta1.com\/wp-content\/uploads\/2020\/05\/fincartagrupos-768x448.png 768w\" sizes=\"auto, (max-width: 300px) 100vw, 300px\" \/><\/p>\n\n\n\n<div class=\"wp-block-buttons is-layout-flex wp-block-buttons-is-layout-flex\">\n<div class=\"wp-block-button\"><a class=\"wp-block-button__link has-text-align-center wp-element-button\" href=\"https:\/\/estaesmicarta1.com\/wp-content\/uploads\/2025\/03\/MENU-GRUPOS-2025.pdf\" target=\"_blank\" rel=\"noreferrer noopener\">DESCARGA PDF<\/a><\/div>\n<\/div>\n\n\n\n<p><\/p>\n","protected":false},"excerpt":{"rendered":"<p>MEN\u00da GRUPOS EXCLUSIVO CON RESERVA PREVIA NO DISPONIBLE EN EL MES DE DICIEMBRE LOS SEGUNDOS Y LOS POSTRES SE TIENEN QUE INDICAR TRES D\u00cdAS ANTES MN\u00da PICA-PICA 1 Jam\u00f3n Iberico (D.O.Salamanca)cortado a mano. Pan de cristal tostado con tomate. Ensalada de queso de cabra con pi\u00f1ones. Timbal de morcilla con huevo frito. Lac\u00f3n gallego \u00aba &hellip; <\/p>\n<p class=\"link-more\"><a href=\"https:\/\/estaesmicarta1.com\/index.php\/menu-para-grupos\/\" class=\"more-link\">Continuar leyendo<span class=\"screen-reader-text\"> \u00abMEN\u00da DE GRUPOS\u00bb<\/span><\/a><\/p>\n","protected":false},"author":1,"featured_media":0,"parent":0,"menu_order":0,"comment_status":"closed","ping_status":"closed","template":"","meta":{"footnotes":""},"class_list":["post-44","page","type-page","status-publish","hentry"],"yoast_head":"<!-- This site is optimized with the Yoast SEO plugin v26.8 - https:\/\/yoast.com\/product\/yoast-seo-wordpress\/ -->\n<title>MEN\u00da DE GRUPOS -<\/title>\n<meta name=\"robots\" content=\"index, follow, max-snippet:-1, max-image-preview:large, max-video-preview:-1\" \/>\n<link rel=\"canonical\" href=\"https:\/\/estaesmicarta1.com\/index.php\/menu-para-grupos\/\" \/>\n<meta property=\"og:locale\" content=\"es_ES\" \/>\n<meta property=\"og:type\" content=\"article\" \/>\n<meta property=\"og:title\" content=\"MEN\u00da DE GRUPOS -\" \/>\n<meta property=\"og:description\" content=\"MEN\u00da GRUPOS EXCLUSIVO CON RESERVA PREVIA NO DISPONIBLE EN EL MES DE DICIEMBRE LOS SEGUNDOS Y LOS POSTRES SE TIENEN QUE INDICAR TRES D\u00cdAS ANTES MN\u00da PICA-PICA 1 Jam\u00f3n Iberico (D.O.Salamanca)cortado a mano. Pan de cristal tostado con tomate. Ensalada de queso de cabra con pi\u00f1ones. Timbal de morcilla con huevo frito. Lac\u00f3n gallego \u00aba &hellip; Continuar leyendo &quot;MEN\u00da DE GRUPOS&quot;\" \/>\n<meta property=\"og:url\" content=\"https:\/\/estaesmicarta1.com\/index.php\/menu-para-grupos\/\" \/>\n<meta property=\"article:publisher\" content=\"https:\/\/www.facebook.com\/neorisrestaurant\" \/>\n<meta property=\"article:modified_time\" content=\"2026-01-02T11:52:49+00:00\" \/>\n<meta property=\"og:image\" content=\"https:\/\/estaesmicarta1.com\/wp-content\/uploads\/2020\/05\/CARTAGRUPOS.png\" \/>\n\t<meta property=\"og:image:width\" content=\"1309\" \/>\n\t<meta property=\"og:image:height\" content=\"1458\" \/>\n\t<meta property=\"og:image:type\" content=\"image\/png\" \/>\n<meta name=\"twitter:card\" content=\"summary_large_image\" \/>\n<meta name=\"twitter:label1\" content=\"Tiempo de lectura\" \/>\n\t<meta name=\"twitter:data1\" content=\"4 minutos\" \/>\n<script type=\"application\/ld+json\" class=\"yoast-schema-graph\">{\"@context\":\"https:\/\/schema.org\",\"@graph\":[{\"@type\":\"WebPage\",\"@id\":\"https:\/\/estaesmicarta1.com\/index.php\/menu-para-grupos\/\",\"url\":\"https:\/\/estaesmicarta1.com\/index.php\/menu-para-grupos\/\",\"name\":\"MEN\u00da DE GRUPOS -\",\"isPartOf\":{\"@id\":\"https:\/\/estaesmicarta1.com\/#website\"},\"primaryImageOfPage\":{\"@id\":\"https:\/\/estaesmicarta1.com\/index.php\/menu-para-grupos\/#primaryimage\"},\"image\":{\"@id\":\"https:\/\/estaesmicarta1.com\/index.php\/menu-para-grupos\/#primaryimage\"},\"thumbnailUrl\":\"https:\/\/estaesmicarta1.com\/wp-content\/uploads\/2020\/05\/CARTAGRUPOS-919x1024.png\",\"datePublished\":\"2020-05-26T14:51:29+00:00\",\"dateModified\":\"2026-01-02T11:52:49+00:00\",\"breadcrumb\":{\"@id\":\"https:\/\/estaesmicarta1.com\/index.php\/menu-para-grupos\/#breadcrumb\"},\"inLanguage\":\"es\",\"potentialAction\":[{\"@type\":\"ReadAction\",\"target\":[\"https:\/\/estaesmicarta1.com\/index.php\/menu-para-grupos\/\"]}]},{\"@type\":\"ImageObject\",\"inLanguage\":\"es\",\"@id\":\"https:\/\/estaesmicarta1.com\/index.php\/menu-para-grupos\/#primaryimage\",\"url\":\"https:\/\/estaesmicarta1.com\/wp-content\/uploads\/2020\/05\/CARTAGRUPOS.png\",\"contentUrl\":\"https:\/\/estaesmicarta1.com\/wp-content\/uploads\/2020\/05\/CARTAGRUPOS.png\",\"width\":1309,\"height\":1458},{\"@type\":\"BreadcrumbList\",\"@id\":\"https:\/\/estaesmicarta1.com\/index.php\/menu-para-grupos\/#breadcrumb\",\"itemListElement\":[{\"@type\":\"ListItem\",\"position\":1,\"name\":\"Portada\",\"item\":\"https:\/\/estaesmicarta1.com\/\"},{\"@type\":\"ListItem\",\"position\":2,\"name\":\"MEN\u00da DE GRUPOS\"}]},{\"@type\":\"WebSite\",\"@id\":\"https:\/\/estaesmicarta1.com\/#website\",\"url\":\"https:\/\/estaesmicarta1.com\/\",\"name\":\"estaesmicarta1.com\",\"description\":\"Neoris\",\"publisher\":{\"@id\":\"https:\/\/estaesmicarta1.com\/#organization\"},\"potentialAction\":[{\"@type\":\"SearchAction\",\"target\":{\"@type\":\"EntryPoint\",\"urlTemplate\":\"https:\/\/estaesmicarta1.com\/?s={search_term_string}\"},\"query-input\":{\"@type\":\"PropertyValueSpecification\",\"valueRequired\":true,\"valueName\":\"search_term_string\"}}],\"inLanguage\":\"es\"},{\"@type\":\"Organization\",\"@id\":\"https:\/\/estaesmicarta1.com\/#organization\",\"name\":\"Restaurante Neoris\",\"url\":\"https:\/\/estaesmicarta1.com\/\",\"logo\":{\"@type\":\"ImageObject\",\"inLanguage\":\"es\",\"@id\":\"https:\/\/estaesmicarta1.com\/#\/schema\/logo\/image\/\",\"url\":\"https:\/\/estaesmicarta1.com\/wp-content\/uploads\/2020\/05\/12295336_1073261902718455_3454208438115215644_n.jpg\",\"contentUrl\":\"https:\/\/estaesmicarta1.com\/wp-content\/uploads\/2020\/05\/12295336_1073261902718455_3454208438115215644_n.jpg\",\"width\":631,\"height\":640,\"caption\":\"Restaurante Neoris\"},\"image\":{\"@id\":\"https:\/\/estaesmicarta1.com\/#\/schema\/logo\/image\/\"},\"sameAs\":[\"https:\/\/www.facebook.com\/neorisrestaurant\",\"https:\/\/www.instagram.com\/neoris.restaurant\/\"]}]}<\/script>\n<!-- \/ Yoast SEO plugin. -->","yoast_head_json":{"title":"MEN\u00da DE GRUPOS -","robots":{"index":"index","follow":"follow","max-snippet":"max-snippet:-1","max-image-preview":"max-image-preview:large","max-video-preview":"max-video-preview:-1"},"canonical":"https:\/\/estaesmicarta1.com\/index.php\/menu-para-grupos\/","og_locale":"es_ES","og_type":"article","og_title":"MEN\u00da DE GRUPOS -","og_description":"MEN\u00da GRUPOS EXCLUSIVO CON RESERVA PREVIA NO DISPONIBLE EN EL MES DE DICIEMBRE LOS SEGUNDOS Y LOS POSTRES SE TIENEN QUE INDICAR TRES D\u00cdAS ANTES MN\u00da PICA-PICA 1 Jam\u00f3n Iberico (D.O.Salamanca)cortado a mano. Pan de cristal tostado con tomate. Ensalada de queso de cabra con pi\u00f1ones. Timbal de morcilla con huevo frito. Lac\u00f3n gallego \u00aba &hellip; Continuar leyendo \"MEN\u00da DE GRUPOS\"","og_url":"https:\/\/estaesmicarta1.com\/index.php\/menu-para-grupos\/","article_publisher":"https:\/\/www.facebook.com\/neorisrestaurant","article_modified_time":"2026-01-02T11:52:49+00:00","og_image":[{"width":1309,"height":1458,"url":"https:\/\/estaesmicarta1.com\/wp-content\/uploads\/2020\/05\/CARTAGRUPOS.png","type":"image\/png"}],"twitter_card":"summary_large_image","twitter_misc":{"Tiempo de lectura":"4 minutos"},"schema":{"@context":"https:\/\/schema.org","@graph":[{"@type":"WebPage","@id":"https:\/\/estaesmicarta1.com\/index.php\/menu-para-grupos\/","url":"https:\/\/estaesmicarta1.com\/index.php\/menu-para-grupos\/","name":"MEN\u00da DE GRUPOS -","isPartOf":{"@id":"https:\/\/estaesmicarta1.com\/#website"},"primaryImageOfPage":{"@id":"https:\/\/estaesmicarta1.com\/index.php\/menu-para-grupos\/#primaryimage"},"image":{"@id":"https:\/\/estaesmicarta1.com\/index.php\/menu-para-grupos\/#primaryimage"},"thumbnailUrl":"https:\/\/estaesmicarta1.com\/wp-content\/uploads\/2020\/05\/CARTAGRUPOS-919x1024.png","datePublished":"2020-05-26T14:51:29+00:00","dateModified":"2026-01-02T11:52:49+00:00","breadcrumb":{"@id":"https:\/\/estaesmicarta1.com\/index.php\/menu-para-grupos\/#breadcrumb"},"inLanguage":"es","potentialAction":[{"@type":"ReadAction","target":["https:\/\/estaesmicarta1.com\/index.php\/menu-para-grupos\/"]}]},{"@type":"ImageObject","inLanguage":"es","@id":"https:\/\/estaesmicarta1.com\/index.php\/menu-para-grupos\/#primaryimage","url":"https:\/\/estaesmicarta1.com\/wp-content\/uploads\/2020\/05\/CARTAGRUPOS.png","contentUrl":"https:\/\/estaesmicarta1.com\/wp-content\/uploads\/2020\/05\/CARTAGRUPOS.png","width":1309,"height":1458},{"@type":"BreadcrumbList","@id":"https:\/\/estaesmicarta1.com\/index.php\/menu-para-grupos\/#breadcrumb","itemListElement":[{"@type":"ListItem","position":1,"name":"Portada","item":"https:\/\/estaesmicarta1.com\/"},{"@type":"ListItem","position":2,"name":"MEN\u00da DE GRUPOS"}]},{"@type":"WebSite","@id":"https:\/\/estaesmicarta1.com\/#website","url":"https:\/\/estaesmicarta1.com\/","name":"estaesmicarta1.com","description":"Neoris","publisher":{"@id":"https:\/\/estaesmicarta1.com\/#organization"},"potentialAction":[{"@type":"SearchAction","target":{"@type":"EntryPoint","urlTemplate":"https:\/\/estaesmicarta1.com\/?s={search_term_string}"},"query-input":{"@type":"PropertyValueSpecification","valueRequired":true,"valueName":"search_term_string"}}],"inLanguage":"es"},{"@type":"Organization","@id":"https:\/\/estaesmicarta1.com\/#organization","name":"Restaurante Neoris","url":"https:\/\/estaesmicarta1.com\/","logo":{"@type":"ImageObject","inLanguage":"es","@id":"https:\/\/estaesmicarta1.com\/#\/schema\/logo\/image\/","url":"https:\/\/estaesmicarta1.com\/wp-content\/uploads\/2020\/05\/12295336_1073261902718455_3454208438115215644_n.jpg","contentUrl":"https:\/\/estaesmicarta1.com\/wp-content\/uploads\/2020\/05\/12295336_1073261902718455_3454208438115215644_n.jpg","width":631,"height":640,"caption":"Restaurante Neoris"},"image":{"@id":"https:\/\/estaesmicarta1.com\/#\/schema\/logo\/image\/"},"sameAs":["https:\/\/www.facebook.com\/neorisrestaurant","https:\/\/www.instagram.com\/neoris.restaurant\/"]}]}},"_links":{"self":[{"href":"https:\/\/estaesmicarta1.com\/index.php\/wp-json\/wp\/v2\/pages\/44","targetHints":{"allow":["GET"]}}],"collection":[{"href":"https:\/\/estaesmicarta1.com\/index.php\/wp-json\/wp\/v2\/pages"}],"about":[{"href":"https:\/\/estaesmicarta1.com\/index.php\/wp-json\/wp\/v2\/types\/page"}],"author":[{"embeddable":true,"href":"https:\/\/estaesmicarta1.com\/index.php\/wp-json\/wp\/v2\/users\/1"}],"replies":[{"embeddable":true,"href":"https:\/\/estaesmicarta1.com\/index.php\/wp-json\/wp\/v2\/comments?post=44"}],"version-history":[{"count":48,"href":"https:\/\/estaesmicarta1.com\/index.php\/wp-json\/wp\/v2\/pages\/44\/revisions"}],"predecessor-version":[{"id":5593,"href":"https:\/\/estaesmicarta1.com\/index.php\/wp-json\/wp\/v2\/pages\/44\/revisions\/5593"}],"wp:attachment":[{"href":"https:\/\/estaesmicarta1.com\/index.php\/wp-json\/wp\/v2\/media?parent=44"}],"curies":[{"name":"wp","href":"https:\/\/api.w.org\/{rel}","templated":true}]}}